{"id":894,"date":"2023-05-11T09:11:11","date_gmt":"2023-05-11T09:11:11","guid":{"rendered":"https:\/\/bib-delmenhorst.de\/wordpress\/?page_id=894"},"modified":"2024-01-20T13:12:42","modified_gmt":"2024-01-20T13:12:42","slug":"datenschutz","status":"publish","type":"page","link":"https:\/\/bib-delmenhorst.de\/wordpress\/?page_id=894","title":{"rendered":"Datenschutz"},"content":{"rendered":"\t\t<div data-elementor-type=\"wp-page\" data-elementor-id=\"894\" class=\"elementor elementor-894\" data-elementor-post-type=\"page\">\n\t\t\t\t<div class=\"elementor-element elementor-element-c64308e e-con-full e-flex e-con e-parent\" data-id=\"c64308e\" data-element_type=\"container\" data-e-type=\"container\" data-settings=\"{&quot;background_background&quot;:&quot;classic&quot;}\">\n\t\t\t\t<div class=\"elementor-element elementor-element-48e9dbe elementor-widget elementor-widget-text-editor\" data-id=\"48e9dbe\" data-element_type=\"widget\" data-e-type=\"widget\" data-widget_type=\"text-editor.default\">\n\t\t\t\t<div class=\"elementor-widget-container\">\n\t\t\t\t\t\t\t\t\t<p><span style=\"color: #000000;\"><strong>Datenschutzerkl\u00e4rung<\/strong><\/span><\/p><p><span style=\"color: #000000;\">Wir freuen uns \u00fcber Ihren Besuch auf unserer Webseite. Nachfolgend m\u00f6chten wir Sie \u00fcber den Umgang mit Ihren Daten gem. Art. 13 Datenschutz-Grundverordnung (DSGVO) informieren.<\/span><\/p><p><span style=\"color: #000000;\"><strong>Verantwortlicher<\/strong><\/span><\/p><p><span style=\"color: #000000;\">Verantwortlich f\u00fcr die nachfolgend dargestellten Datenverarbeitungen ist die im Impressum genannte Stelle.<\/span><\/p><p><span style=\"color: #000000;\"><strong>Nutzungsdaten<\/strong><\/span><\/p><p><span style=\"color: #000000;\">Wenn Sie unsere Webseiten besuchen, werden auf unserem Webserver tempor\u00e4r sogenannte Nutzungsdaten als Protokoll ausgewertet, um die Qualit\u00e4t unserer Webseiten zu verbessern. Dieser Datensatz besteht aus<\/span><\/p><ul><li><span style=\"color: #000000;\">dem Namen und der Adresse der angeforderten Inhalte,<\/span><\/li><li><span style=\"color: #000000;\">dem Datum und der Uhrzeit der Abfrage,<\/span><\/li><li><span style=\"color: #000000;\">der \u00fcbertragenen Datenmenge,<\/span><\/li><li><span style=\"color: #000000;\">dem Zugriffsstatus (Inhalt \u00fcbertragen, Inhalt nicht gefunden),<\/span><\/li><li><span style=\"color: #000000;\">der Beschreibung des verwendeten Webbrowsers und des Betriebssystems,<\/span><\/li><li><span style=\"color: #000000;\">dem Referral-Link, der angibt, von welcher Seite Sie auf unsere gelangt sind,<\/span><\/li><li><span style=\"color: #000000;\">der IP-Adresse des anfragenden Rechners, die so verk\u00fcrzt wird, dass ein Personenbezug nicht mehr herstellbar ist.<\/span><\/li><\/ul><p><span style=\"color: #000000;\">Die genannten Protokolldaten werden nur anonymisiert ausgewertet.<\/span><\/p><p><span style=\"color: #000000;\">Rechtsgrundlage der Verarbeitung der Nutzungsdaten ist\u00a0Art.\u00a06 Abs.\u00a01 S.\u00a01 lit.\u00a0f DSGVO. Die Verarbeitung erfolgt in dem berechtigten Interesse, die Inhalte der Webseite\u00a0bereitzustellen und eine Ger\u00e4te- sowie Browseroptimierte Darstellung\u00a0sicherzustellen.<\/span><\/p><p><span style=\"color: #000000;\"><strong>Kontaktformular<\/strong><\/span><\/p><p><span style=\"color: #000000;\">Sie haben die M\u00f6glichkeit, sich mit uns \u00fcber unser Kontaktformular in Verbindung zu setzen. Zur Nutzung unseres Kontaktformulars ben\u00f6tigen wir von Ihnen zun\u00e4chst die als Pflichtfelder markierten Daten.<\/span><\/p><p><span style=\"color: #000000;\">Diese Daten verwenden wir auf Grundlage von Art. 6 Abs. 1 S. 1 lit. f DSGVO, um Ihre Anfrage zu beantworten.<\/span><\/p><p><span style=\"color: #000000;\">Ihre Daten werden nur zur Beantwortung Ihrer Anfrage verarbeitet. Wir l\u00f6schen Ihre Daten, sofern diese nicht mehr erforderlich sind und keine gesetzlichen Aufbewahrungspflichten entgegenstehen.\u00a0<\/span><\/p><p><span style=\"color: #000000;\">Hinsichtlich der Verarbeitung nach Art. 6 Abs. 1 S. 1 lit. f DSGVO steht Ihnen ein jederzeitiges Widerspruchsrecht zu. Wenden Sie sich hierf\u00fcr bitte an die im Impressum genannte E-Mail-Adresse.<\/span><\/p><p><span style=\"color: #000000;\"><strong>Speicherdauer<\/strong><\/span><\/p><p><span style=\"color: #000000;\">Sofern wir nicht im Einzelnen bereits \u00fcber die Speicherdauer informiert haben, l\u00f6schen wir personenbezogene Daten, wenn sie f\u00fcr die vorgenannten Verarbeitungszwecke nicht mehr erforderlich sind und keine berechtigten Interessen oder andere (gesetzliche) Aufbewahrungsgr\u00fcnde einer L\u00f6schung entgegenstehen.<\/span><\/p><p><span style=\"color: #000000;\"><strong>Weitere Auftragsverarbeiter<\/strong><\/span><\/p><p><span style=\"color: #000000;\">Wir geben Ihre Daten im Rahmen einer Auftragsverarbeitung gem. Art. 28 DSGVO an Dienstleister weiter, die uns beim Betrieb unserer Webseiten und der damit zusammenh\u00e4ngenden Prozesse unterst\u00fctzen. Das sind z.B. Hosting-Dienstleister. Unsere Dienstleister sind uns gegen\u00fcber streng weisungsgebunden und entsprechend vertraglich verpflichtet.<\/span><\/p><p><span style=\"color: #000000;\">Nachfolgend nennen wir Ihnen die Auftragsverarbeiter, mit denen wir zusammenarbeiten, sofern wir dies im vorstehenden Text der Datenschutzerkl\u00e4rung noch nicht getan haben. Sofern in diesem Rahmen Daten au\u00dferhalb der EU bzw. des EWR verarbeitet werden k\u00f6nnen, informieren wir Sie hier\u00fcber in der nachfolgenden Tabelle.<\/span><\/p><table width=\"100%\"><thead><tr><td width=\"33%\"><p><span style=\"color: #000000;\"><strong>Auftragsverarbeiter<\/strong><\/span><\/p><\/td><td width=\"33%\"><p><span style=\"color: #000000;\"><strong>Zweck<\/strong><\/span><\/p><\/td><td width=\"33%\"><p><span style=\"color: #000000;\"><strong>Angemessenes Datenschutzniveau<\/strong><\/span><\/p><\/td><\/tr><\/thead><tbody><tr><td width=\"33%\"><p><span style=\"color: #000000;\">hosttech GmbH (Deutschland)<\/span><br \/><span style=\"color: #000000;\">Im Medienpark 8<\/span><br \/><span style=\"color: #000000;\">50670 K\u00f6ln<\/span><\/p><\/td><td width=\"33%\"><p><span style=\"color: #000000;\">Webhosting und Support<\/span><\/p><\/td><td width=\"33%\"><p><span style=\"color: #000000;\">Verarbeitung nur innerhalb EU\/EWR<\/span><\/p><\/td><\/tr><\/tbody><\/table><p><span style=\"color: #000000;\"><strong>\u00a0<\/strong><\/span><\/p><p><span style=\"color: #000000;\"><strong>Ideeneingabe<\/strong><\/span><\/p><p><span style=\"color: #000000;\">Alle Ideen sind \u00fcber die Mailadresse ideen@bib-delmenhost.de einzugeben.<\/span><\/p><p><span style=\"color: #000000;\"><strong>Ideenverarbeitung<\/strong><\/span><\/p><p><span style=\"color: #000000;\">Die eingesandten Ideen werden in einer Datenbank au\u00dferhalb der Webseite erfasst. F\u00fcr die weitere Verwendung durch die Mitglieder der B\u00fcrgerIdeenB\u00f6rse werden sie anonymisiert weitergegeben.<\/span><\/p><p><span style=\"color: #000000;\"><strong>Ideenverteilung<\/strong><\/span><\/p><p><span style=\"color: #000000;\">Die eingegangenen Ideen werden an die Teammitglieder und, wenn erforderlich, an die Mitglieder der Verwaltung verteilt. Alle Teilnehmer haben eine Datengrundschutzverordnung der Stadt Delmenhorst unterschrieben.<\/span><\/p><p><span style=\"color: #000000;\"><strong>Ihre Rechte als betroffene Person<\/strong><\/span><\/p><p><span style=\"color: #000000;\">Bei der Verarbeitung Ihrer personenbezogenen Daten gew\u00e4hrt die DSGVO Ihnen als betroffene Person bestimmte Rechte:<\/span><\/p><p><span style=\"color: #000000;\"><em>Auskunftsrecht (Art. 15 DSGVO)<\/em><\/span><\/p><p><span style=\"color: #000000;\">Sie haben das Recht eine Best\u00e4tigung dar\u00fcber zu verlangen, ob Sie betreffende personenbezogene Daten verarbeitet werden; ist dies der Fall, so haben Sie ein Recht auf Auskunft \u00fcber diese personenbezogenen Daten und auf die in Art. 15 DSGVO im Einzelnen aufgef\u00fchrten Informationen.<\/span><\/p><p><span style=\"color: #000000;\"><em>Recht auf Berichtigung (Art. 16 DSGVO)<\/em><\/span><\/p><p><span style=\"color: #000000;\">Sie haben das Recht, unverz\u00fcglich die Berichtigung Sie betreffender unrichtiger personenbezogener Daten und ggf. die Vervollst\u00e4ndigung unvollst\u00e4ndiger Daten zu verlangen.<\/span><\/p><p><span style=\"color: #000000;\"><em>Recht auf L\u00f6schung (Art. 17 DSGVO)<\/em><\/span><\/p><p><span style=\"color: #000000;\">Sie haben das Recht, zu verlangen, dass Sie betreffende personenbezogene Daten unverz\u00fcglich gel\u00f6scht werden, sofern einer der in Art. 17 DSGVO im Einzelnen aufgef\u00fchrten Gr\u00fcnde zutrifft.<\/span><\/p><p><span style=\"color: #000000;\"><em>Recht auf Einschr\u00e4nkung der Verarbeitung (Art. 18 DSGVO)<\/em><\/span><\/p><p><span style=\"color: #000000;\">Sie haben das Recht, die Einschr\u00e4nkung der Verarbeitung zu verlangen, wenn eine der in Art. 18 DSGVO aufgef\u00fchrten Voraussetzungen gegeben ist, z. B. wenn Sie Widerspruch gegen die Verarbeitung eingelegt haben, f\u00fcr die Dauer der Pr\u00fcfung durch den Verantwortlichen.<\/span><\/p><p><span style=\"color: #000000;\"><em>Recht auf Daten\u00fcbertragbarkeit (Art. 20 DSGVO)<\/em><\/span><\/p><p><span style=\"color: #000000;\">In bestimmten F\u00e4llen, die in Art. 20 DSGVO im Einzelnen aufgef\u00fchrt sind, haben Sie das Recht, die Sie betreffenden personenbezogenen Daten in einem strukturierten, g\u00e4ngigen und maschinenlesbaren Format zu erhalten bzw. die \u00dcbermittlung dieser Daten an einen Dritten zu verlangen.<\/span><\/p><p><span style=\"color: #000000;\"><em>Widerrufsrecht (Art. 7 DSGVO)<\/em><\/span><\/p><p><span style=\"color: #000000;\">Sofern die Verarbeitung von Daten auf Grundlage Ihrer Einwilligung erfolgt, sind Sie nach Art. 7 Abs. 3 DSGVO berechtigt, die Einwilligung in die Verwendung Ihrer personenbezogenen Daten jederzeit zu widerrufen. Bitte beachten Sie, dass der Widerruf erst f\u00fcr die Zukunft wirkt. Verarbeitungen, die vor dem Widerruf erfolgt sind, sind davon nicht betroffen.<\/span><\/p><p><span style=\"color: #000000;\"><em>Widerspruchsrecht (Art. 21 DSGVO)<\/em><\/span><\/p><p><span style=\"color: #000000;\">Werden Daten auf Grundlage von Art. 6 Abs. 1 S. 1 lit. f DSGVO (Datenverarbeitung zur Wahrung berechtigter Interessen) oder auf Grundlage von Art. 6 Abs. 1 S. 1 lit. e DSGVO (Datenverarbeitung zur Wahrung \u00f6ffentlichen Interesse oder in Aus\u00fcbung \u00f6ffentlicher Gewalt) erhoben, steht Ihnen das Recht zu, aus Gr\u00fcnden, die sich aus Ihrer besonderen Situation ergeben, jederzeit gegen die Verarbeitung Widerspruch einzulegen. Wir verarbeiten die personenbezogenen Daten dann nicht mehr, es sei denn, es liegen nachweisbar zwingende schutzw\u00fcrdige Gr\u00fcnde f\u00fcr die Verarbeitung vor, die gegen\u00fcber Ihren Interessen, Rechten und Freiheiten \u00fcberwiegen, oder die Verarbeitung dient der Geltendmachung, Aus\u00fcbung oder Verteidigung von Rechtsanspr\u00fcchen.<\/span><\/p><p><span style=\"color: #000000;\"><em>Beschwerderecht bei einer Aufsichtsbeh\u00f6rde (Art. 77 DSGVO)<\/em><\/span><\/p><p><span style=\"color: #000000;\">Sie haben gem. Art. 77 DSGVO das Recht auf Beschwerde bei einer Aufsichtsbeh\u00f6rde, wenn Sie der Ansicht sind, dass die Verarbeitung der Sie betreffenden Daten gegen datenschutzrechtliche Bestimmungen verst\u00f6\u00dft. Das Beschwerderecht kann insbesondere bei einer Aufsichtsbeh\u00f6rde in dem Mitgliedstaat Ihres gew\u00f6hnlichen Aufenthaltsorts, Ihres Arbeitsplatzes oder des Orts des mutma\u00dflichen Versto\u00dfes geltend gemacht werden.<\/span><\/p><p><span style=\"color: #000000;\"><em>Geltendmachung Ihrer Rechte<\/em><\/span><\/p><p><span style=\"color: #000000;\">Sofern vorstehend nichts anderes beschrieben wurde, wenden Sie sich zur Geltendmachung Ihrer Betroffenenrechte bitte an die im Impressum\u00a0genannte Stelle.<\/span><\/p><p><span style=\"color: #000000;\"><strong>Kontaktdaten des Datenschutzbeauftragten<\/strong><\/span><\/p><p><span style=\"color: #000000;\">Unser externer Datenschutzbeauftragter steht Ihnen gerne f\u00fcr Ausk\u00fcnfte zum Thema Datenschutz unter folgenden Kontaktdaten zur Verf\u00fcgung:<\/span><\/p><p><span style=\"color: #000000;\">datenschutz nord GmbH<\/span><br \/><span style=\"color: #000000;\">Konsul-Smidt-Stra\u00dfe 88<\/span><br \/><span style=\"color: #000000;\">28217 Bremen<\/span><br \/><span style=\"color: #000000;\">Web:\u00a0<a style=\"color: #000000;\" href=\"https:\/\/www.dsn-group.de\/\">https:\/\/www.dsn-group.de\/<\/a><\/span><br \/><span style=\"color: #000000;\">E-Mail:\u00a0<a style=\"color: #000000;\" href=\"mailto:office@datenschutz-nord.de\">office@datenschutz-nord.de<\/a><\/span><\/p><p><span style=\"color: #000000;\">Wenn Sie sich an unseren Datenschutzbeauftragten wenden, geben Sie hierbei bitte auch die verantwortliche Stelle an, die im\u00a0Impressum\u00a0gena<\/span>nnt wird.<\/p>\t\t\t\t\t\t\t\t<\/div>\n\t\t\t\t<\/div>\n\t\t\t\t<\/div>\n\t\t\t\t<\/div>\n\t\t","protected":false},"excerpt":{"rendered":"<p>Datenschutzerkl\u00e4rung Wir freuen uns \u00fcber Ihren Besuch auf unserer Webseite. Nachfolgend m\u00f6chten wir Sie \u00fcber den Umgang mit Ihren Daten gem. Art. 13 Datenschutz-Grundverordnung (DSGVO) informieren. Verantwortlicher Verantwortlich f\u00fcr die nachfolgend dargestellten Datenverarbeitungen ist die im Impressum genannte Stelle. Nutzungsdaten Wenn Sie unsere Webseiten besuchen, werden auf unserem Webserver tempor\u00e4r sogenannte Nutzungsdaten als Protokoll ausgewertet, [&hellip;]<\/p>\n","protected":false},"author":1,"featured_media":0,"parent":0,"menu_order":0,"comment_status":"closed","ping_status":"closed","template":"","meta":{"om_disable_all_campaigns":false,"_monsterinsights_skip_tracking":false,"_monsterinsights_sitenote_active":false,"_monsterinsights_sitenote_note":"","_monsterinsights_sitenote_category":0,"footnotes":""},"class_list":["post-894","page","type-page","status-publish","hentry"],"aioseo_notices":[],"_links":{"self":[{"href":"https:\/\/bib-delmenhorst.de\/wordpress\/index.php?rest_route=\/wp\/v2\/pages\/894","targetHints":{"allow":["GET"]}}],"collection":[{"href":"https:\/\/bib-delmenhorst.de\/wordpress\/index.php?rest_route=\/wp\/v2\/pages"}],"about":[{"href":"https:\/\/bib-delmenhorst.de\/wordpress\/index.php?rest_route=\/wp\/v2\/types\/page"}],"author":[{"embeddable":true,"href":"https:\/\/bib-delmenhorst.de\/wordpress\/index.php?rest_route=\/wp\/v2\/users\/1"}],"replies":[{"embeddable":true,"href":"https:\/\/bib-delmenhorst.de\/wordpress\/index.php?rest_route=%2Fwp%2Fv2%2Fcomments&post=894"}],"version-history":[{"count":22,"href":"https:\/\/bib-delmenhorst.de\/wordpress\/index.php?rest_route=\/wp\/v2\/pages\/894\/revisions"}],"predecessor-version":[{"id":2664,"href":"https:\/\/bib-delmenhorst.de\/wordpress\/index.php?rest_route=\/wp\/v2\/pages\/894\/revisions\/2664"}],"wp:attachment":[{"href":"https:\/\/bib-delmenhorst.de\/wordpress\/index.php?rest_route=%2Fwp%2Fv2%2Fmedia&parent=894"}],"curies":[{"name":"wp","href":"https:\/\/api.w.org\/{rel}","templated":true}]}}