{"id":872,"date":"2023-05-11T09:04:09","date_gmt":"2023-05-11T09:04:09","guid":{"rendered":"https:\/\/bib-delmenhorst.de\/wordpress\/?page_id=872"},"modified":"2023-07-02T18:14:04","modified_gmt":"2023-07-02T18:14:04","slug":"aktuelles-2","status":"publish","type":"page","link":"https:\/\/bib-delmenhorst.de\/wordpress\/?page_id=872","title":{"rendered":"Aktuelles"},"content":{"rendered":"\t\t<div data-elementor-type=\"wp-page\" data-elementor-id=\"872\" class=\"elementor elementor-872\" data-elementor-post-type=\"page\">\n\t\t\t\t<div class=\"elementor-element elementor-element-e4292e8 e-con-full e-flex e-con e-parent\" data-id=\"e4292e8\" data-element_type=\"container\" data-e-type=\"container\" data-settings=\"{&quot;background_background&quot;:&quot;classic&quot;}\">\n\t\t\t\t<div class=\"elementor-element elementor-element-0e9e499 elementor-widget elementor-widget-text-editor\" data-id=\"0e9e499\" data-element_type=\"widget\" data-e-type=\"widget\" data-widget_type=\"text-editor.default\">\n\t\t\t\t<div class=\"elementor-widget-container\">\n\t\t\t\t\t\t\t\t\t<h5>Liebe B\u00fcrgerinnen und B\u00fcrger<\/h5><h6>In der Rubrik Ideen\u00fcbersicht sind alle Ideeneingaben seit der Gr\u00fcndung der BIB aufgelistet.<br \/>Diese Eingaben wurden von der AK BIB bewertet und, wenn Erfolgsaussichten bestanden, an die entsprechenden Aussch\u00fcsse weitergeleitet.<\/h6><h6>Unter Ideenkonzepte sind solche Eingaben zu finden, die sehr umfangreich sind und ausf\u00fchrlich beschrieben wurden.<\/h6><h6>Unter umgesetzte Ideen sind Beispiele aufgelistet, die in den zur\u00fcckliegenden Jahren erfolgreich realisiert werden konnten.<\/h6><h6>Nachfolgend ist die Ideenstatistik seit der Gr\u00fcndung der B\u00fcrgerIdeenB\u00f6rse zu finden.<\/h6>\t\t\t\t\t\t\t\t<\/div>\n\t\t\t\t<\/div>\n\t\t\t\t<\/div>\n\t\t<div class=\"elementor-element elementor-element-d619565 e-con-full e-flex e-con e-parent\" data-id=\"d619565\" data-element_type=\"container\" data-e-type=\"container\" data-settings=\"{&quot;background_background&quot;:&quot;classic&quot;}\">\n\t\t\t\t<div class=\"elementor-element elementor-element-290456b elementor-widget elementor-widget-text-editor\" data-id=\"290456b\" data-element_type=\"widget\" data-e-type=\"widget\" data-widget_type=\"text-editor.default\">\n\t\t\t\t<div class=\"elementor-widget-container\">\n\t\t\t\t\t\t\t\t\t<p>\u00a0<\/p><p>\u00a0<\/p>\t\t\t\t\t\t\t\t<\/div>\n\t\t\t\t<\/div>\n\t\t\t\t<div class=\"elementor-element elementor-element-b774ca1 elementor-widget elementor-widget-image\" data-id=\"b774ca1\" data-element_type=\"widget\" data-e-type=\"widget\" data-widget_type=\"image.default\">\n\t\t\t\t<div class=\"elementor-widget-container\">\n\t\t\t\t\t\t\t\t\t\t\t\t\t\t\t<img decoding=\"async\" src=\"https:\/\/bib-delmenhorst.de\/wordpress\/wp-content\/uploads\/2023\/07\/ideenstatistik-2476-1.png\" title=\"\" alt=\"\" loading=\"lazy\" \/>\t\t\t\t\t\t\t\t\t\t\t\t\t\t\t<\/div>\n\t\t\t\t<\/div>\n\t\t\t\t<\/div>\n\t\t\t\t<\/div>\n\t\t","protected":false},"excerpt":{"rendered":"<p>Liebe B\u00fcrgerinnen und B\u00fcrger In der Rubrik Ideen\u00fcbersicht sind alle Ideeneingaben seit der Gr\u00fcndung der BIB aufgelistet.Diese Eingaben wurden von der AK BIB bewertet und, wenn Erfolgsaussichten bestanden, an die entsprechenden Aussch\u00fcsse weitergeleitet. Unter Ideenkonzepte sind solche Eingaben zu finden, die sehr umfangreich sind und ausf\u00fchrlich beschrieben wurden. Unter umgesetzte Ideen sind Beispiele aufgelistet, die [&hellip;]<\/p>\n","protected":false},"author":1,"featured_media":0,"parent":0,"menu_order":0,"comment_status":"closed","ping_status":"closed","template":"","meta":{"om_disable_all_campaigns":false,"_monsterinsights_skip_tracking":false,"_monsterinsights_sitenote_active":false,"_monsterinsights_sitenote_note":"","_monsterinsights_sitenote_category":0,"footnotes":""},"class_list":["post-872","page","type-page","status-publish","hentry"],"aioseo_notices":[],"_links":{"self":[{"href":"https:\/\/bib-delmenhorst.de\/wordpress\/index.php?rest_route=\/wp\/v2\/pages\/872","targetHints":{"allow":["GET"]}}],"collection":[{"href":"https:\/\/bib-delmenhorst.de\/wordpress\/index.php?rest_route=\/wp\/v2\/pages"}],"about":[{"href":"https:\/\/bib-delmenhorst.de\/wordpress\/index.php?rest_route=\/wp\/v2\/types\/page"}],"author":[{"embeddable":true,"href":"https:\/\/bib-delmenhorst.de\/wordpress\/index.php?rest_route=\/wp\/v2\/users\/1"}],"replies":[{"embeddable":true,"href":"https:\/\/bib-delmenhorst.de\/wordpress\/index.php?rest_route=%2Fwp%2Fv2%2Fcomments&post=872"}],"version-history":[{"count":139,"href":"https:\/\/bib-delmenhorst.de\/wordpress\/index.php?rest_route=\/wp\/v2\/pages\/872\/revisions"}],"predecessor-version":[{"id":2518,"href":"https:\/\/bib-delmenhorst.de\/wordpress\/index.php?rest_route=\/wp\/v2\/pages\/872\/revisions\/2518"}],"wp:attachment":[{"href":"https:\/\/bib-delmenhorst.de\/wordpress\/index.php?rest_route=%2Fwp%2Fv2%2Fmedia&parent=872"}],"curies":[{"name":"wp","href":"https:\/\/api.w.org\/{rel}","templated":true}]}}