{"id":868,"date":"2023-05-11T09:02:57","date_gmt":"2023-05-11T09:02:57","guid":{"rendered":"https:\/\/bib-delmenhorst.de\/wordpress\/?page_id=868"},"modified":"2023-06-29T18:40:57","modified_gmt":"2023-06-29T18:40:57","slug":"organisation","status":"publish","type":"page","link":"https:\/\/bib-delmenhorst.de\/wordpress\/?page_id=868","title":{"rendered":"Organisation"},"content":{"rendered":"\t\t<div data-elementor-type=\"wp-page\" data-elementor-id=\"868\" class=\"elementor elementor-868\" data-elementor-post-type=\"page\">\n\t\t\t\t<div class=\"elementor-element elementor-element-9961d4f e-con-full e-flex e-con e-parent\" data-id=\"9961d4f\" data-element_type=\"container\" data-e-type=\"container\" data-settings=\"{&quot;background_background&quot;:&quot;classic&quot;}\">\n\t\t\t\t<div class=\"elementor-element elementor-element-955ec43 elementor-widget elementor-widget-text-editor\" data-id=\"955ec43\" data-element_type=\"widget\" data-e-type=\"widget\" data-widget_type=\"text-editor.default\">\n\t\t\t\t<div class=\"elementor-widget-container\">\n\t\t\t\t\t\t\t\t\t<h5><span style=\"color: #000000;\">Organisationsstruktur<\/span><\/h5><ul><li><h6>Der AK BIB besteht aus Vertretern der Delmenhorster Einwohnerschaft sowie aus Mitgliedern des Rates der Stadt Delmenhorst und einer\/m Besch\u00e4ftigtem der Stadtverwaltung Delmenhorst.<\/h6><\/li><li><h6><span style=\"color: #000000;\">Der AK BIB setzt sich ais jeweils einem\/r Vertreter\/in der im Rat der Stadt Delmenhorst vertretenden Fraktionen und Gruppierungen sowie einer m\u00f6glichst gleich gro\u00dfen Anzahl von Einwohnerinnen und Einwohnern zusammen, die auch nicht Mitglied des Ortsrates Hasbergen sein d\u00fcrfen.<\/span><\/h6><\/li><li><h6><span style=\"color: #000000;\">F\u00fcr die vom Rat der Stadt Delmenhorst entsandten Ratsmitglieder der jeweiligen Fraktionen und Gruppierungen ist jeweils eine ehrenamentliche Vertretung zu bennen, die im Vertretungsfall das ordentliche Mitglied vertritt.<\/span><\/h6><\/li><li><h6><span style=\"color: #000000;\">Der Rat der Stadt Delmenhorst beschliesst die jeweilige Besetzung des AK BIB. Die\u00a0 Mitglieder werden f\u00fcr die Dauer der Wahlperiode des Rates bestimmt.<\/span><\/h6><\/li><li><h6><span style=\"color: #000000;\">An den jeweiligen SItzungen des AK BIB nehmen die vom Rat bestimmten Mitglieder bzw. die entsprechenden Vertretungen teil.<\/span><\/h6><\/li><li><h6><span style=\"color: #000000;\">Die\/Der Besch\u00e4ftigte der Statdverwaltung ist nur beratend f\u00fcr den AK BIB t\u00e4tig und nimmt an den SItzungen des AK BIB teil.<\/span><\/h6><\/li><li><h6><span style=\"color: #000000;\">Weitere Persone k\u00f6nnen themenbezogen f\u00fcr eine Sitzung des AK BIB beratend hinzugezogen werden.<\/span><\/h6><\/li><li><h6><span style=\"color: #000000;\">Die Mitglieder des AK BIB verpflichten sich zur Verschwiegenheit und zum Datenschutz gegen\u00fcber Dritten.<\/span><\/h6><\/li><li><h6><span style=\"color: #000000;\">Der AK BIB w\u00e4hlt aus den Mitgliedern der Einwohnerschaft eine\/n Vorsitzende\/n sowie einen\/eine Vertreter\/in.<\/span><\/h6><\/li><li><h6><span style=\"color: #000000;\">Der AK BIB tagt grunds\u00e4tzlich alle zwei Monate und bei Bedarf.<\/span><\/h6><\/li><\/ul><h6><span style=\"color: #000000;\">Entsendung von Vertretern der BIB in die Gremien des Rates der Stadt Delmenhorst<\/span><\/h6><ul><li><h6><span style=\"color: #000000;\">Seitens der AK BIB werden beratende Mitglieder in allen politischen Fachaussch\u00fcssen aus dem Kreis der Einwohnerinnen und Einwohner des AK enstsand, die nicht Mitglieder des Rates oder des Ortsrates sind.<\/span><\/h6><\/li><li><h6><span style=\"color: #000000;\">Der AK BIB schl\u00e4gt dem Rat die jeweiligen Mitglieder vor, die den AK BIB in den Aussch\u00fcssen vertreten sollen. Der Rat beschlie\u00dft \u00fcber diese Empfehlung.<\/span><\/h6><\/li><li><h6><span style=\"color: #000000;\">Die Regelung gilt sinngem\u00e4\u00df auch f\u00fcr die Ensendung in andere Gremien (Markthallenbeirat, Runde Tische u.\u00e4.m.). sofern der Rat die Beteiligung des AK BIB beschlossen hat.<\/span><\/h6><\/li><\/ul><h6><span style=\"color: #000000;\">Quelle: Stadt Delmenhorst<\/span><\/h6><p>\u00a0<\/p>\t\t\t\t\t\t\t\t<\/div>\n\t\t\t\t<\/div>\n\t\t\t\t<\/div>\n\t\t\t\t<\/div>\n\t\t","protected":false},"excerpt":{"rendered":"<p>Organisationsstruktur Der AK BIB besteht aus Vertretern der Delmenhorster Einwohnerschaft sowie aus Mitgliedern des Rates der Stadt Delmenhorst und einer\/m Besch\u00e4ftigtem der Stadtverwaltung Delmenhorst. Der AK BIB setzt sich ais jeweils einem\/r Vertreter\/in der im Rat der Stadt Delmenhorst vertretenden Fraktionen und Gruppierungen sowie einer m\u00f6glichst gleich gro\u00dfen Anzahl von Einwohnerinnen und Einwohnern zusammen, die [&hellip;]<\/p>\n","protected":false},"author":1,"featured_media":0,"parent":0,"menu_order":0,"comment_status":"closed","ping_status":"closed","template":"","meta":{"footnotes":""},"class_list":["post-868","page","type-page","status-publish","hentry"],"aioseo_notices":[],"_links":{"self":[{"href":"https:\/\/bib-delmenhorst.de\/wordpress\/index.php?rest_route=\/wp\/v2\/pages\/868","targetHints":{"allow":["GET"]}}],"collection":[{"href":"https:\/\/bib-delmenhorst.de\/wordpress\/index.php?rest_route=\/wp\/v2\/pages"}],"about":[{"href":"https:\/\/bib-delmenhorst.de\/wordpress\/index.php?rest_route=\/wp\/v2\/types\/page"}],"author":[{"embeddable":true,"href":"https:\/\/bib-delmenhorst.de\/wordpress\/index.php?rest_route=\/wp\/v2\/users\/1"}],"replies":[{"embeddable":true,"href":"https:\/\/bib-delmenhorst.de\/wordpress\/index.php?rest_route=%2Fwp%2Fv2%2Fcomments&post=868"}],"version-history":[{"count":55,"href":"https:\/\/bib-delmenhorst.de\/wordpress\/index.php?rest_route=\/wp\/v2\/pages\/868\/revisions"}],"predecessor-version":[{"id":2431,"href":"https:\/\/bib-delmenhorst.de\/wordpress\/index.php?rest_route=\/wp\/v2\/pages\/868\/revisions\/2431"}],"wp:attachment":[{"href":"https:\/\/bib-delmenhorst.de\/wordpress\/index.php?rest_route=%2Fwp%2Fv2%2Fmedia&parent=868"}],"curies":[{"name":"wp","href":"https:\/\/api.w.org\/{rel}","templated":true}]}}