{"id":2914,"date":"2025-03-14T13:46:49","date_gmt":"2025-03-14T13:46:49","guid":{"rendered":"https:\/\/bib-delmenhorst.de\/wordpress\/?page_id=2914"},"modified":"2025-03-14T17:18:51","modified_gmt":"2025-03-14T17:18:51","slug":"kreuzung-gruene-str","status":"publish","type":"page","link":"https:\/\/bib-delmenhorst.de\/wordpress\/?page_id=2914","title":{"rendered":"Kreuzung Gr\u00fcne Str."},"content":{"rendered":"\t\t<div data-elementor-type=\"wp-page\" data-elementor-id=\"2914\" class=\"elementor elementor-2914\" data-elementor-post-type=\"page\">\n\t\t\t\t<div class=\"elementor-element elementor-element-4902ce65 e-con-full e-flex e-con e-parent\" data-id=\"4902ce65\" data-element_type=\"container\" data-e-type=\"container\" data-settings=\"{&quot;background_background&quot;:&quot;classic&quot;}\">\n\t\t\t\t<div class=\"elementor-element elementor-element-5fe5cef7 elementor-widget-divider--view-line elementor-widget elementor-widget-divider\" data-id=\"5fe5cef7\" data-element_type=\"widget\" data-e-type=\"widget\" data-widget_type=\"divider.default\">\n\t\t\t\t<div class=\"elementor-widget-container\">\n\t\t\t\t\t\t\t<div class=\"elementor-divider\">\n\t\t\t<span class=\"elementor-divider-separator\">\n\t\t\t\t\t\t<\/span>\n\t\t<\/div>\n\t\t\t\t\t\t<\/div>\n\t\t\t\t<\/div>\n\t\t\t\t<div class=\"elementor-element elementor-element-392907a0 elementor-widget elementor-widget-text-editor\" data-id=\"392907a0\" data-element_type=\"widget\" data-e-type=\"widget\" data-widget_type=\"text-editor.default\">\n\t\t\t\t<div class=\"elementor-widget-container\">\n\t\t\t\t\t\t\t\t\t<h5><span style=\"color: #000000;\"><strong>Kreuzung Gr\u00fcne Str. &#8211; Anton-G\u00fcnther-Str.<br \/><\/strong><\/span><span style=\"color: #000000;\"><strong>Vorschlag 726 &#8211; 08.12.2019\u00a0<\/strong> <\/span><\/h5>\t\t\t\t\t\t\t\t<\/div>\n\t\t\t\t<\/div>\n\t\t\t\t<\/div>\n\t\t<div class=\"elementor-element elementor-element-74083025 e-con-full e-flex e-con e-parent\" data-id=\"74083025\" data-element_type=\"container\" data-e-type=\"container\" data-settings=\"{&quot;background_background&quot;:&quot;classic&quot;}\">\n\t\t<div class=\"elementor-element elementor-element-1c36926e e-con-full e-flex e-con e-child\" data-id=\"1c36926e\" data-element_type=\"container\" data-e-type=\"container\">\n\t\t\t\t<div class=\"elementor-element elementor-element-4d0a88d5 elementor-widget elementor-widget-image\" data-id=\"4d0a88d5\" data-element_type=\"widget\" data-e-type=\"widget\" data-widget_type=\"image.default\">\n\t\t\t\t<div class=\"elementor-widget-container\">\n\t\t\t\t\t\t\t\t\t\t\t\t\t\t\t\t<a href=\"https:\/\/bib-delmenhorst.de\/wordpress\/wp-content\/uploads\/2023\/06\/Kreuzung-Gruene-Str.png\" data-elementor-open-lightbox=\"yes\" data-elementor-lightbox-title=\"Kreuzung Gr\u00fcne Str.\" data-e-action-hash=\"#elementor-action%3Aaction%3Dlightbox%26settings%3DeyJpZCI6MjMyNywidXJsIjoiaHR0cHM6XC9cL2JpYi1kZWxtZW5ob3JzdC5kZVwvd29yZHByZXNzXC93cC1jb250ZW50XC91cGxvYWRzXC8yMDIzXC8wNlwvS3JldXp1bmctR3J1ZW5lLVN0ci5wbmcifQ%3D%3D\">\n\t\t\t\t\t\t\t<img fetchpriority=\"high\" decoding=\"async\" width=\"300\" height=\"199\" src=\"https:\/\/bib-delmenhorst.de\/wordpress\/wp-content\/uploads\/2023\/06\/Kreuzung-Gruene-Str-300x199.png\" class=\"attachment-medium size-medium wp-image-2327\" alt=\"\" srcset=\"https:\/\/bib-delmenhorst.de\/wordpress\/wp-content\/uploads\/2023\/06\/Kreuzung-Gruene-Str-300x199.png 300w, https:\/\/bib-delmenhorst.de\/wordpress\/wp-content\/uploads\/2023\/06\/Kreuzung-Gruene-Str.png 552w\" sizes=\"(max-width: 300px) 100vw, 300px\" \/>\t\t\t\t\t\t\t\t<\/a>\n\t\t\t\t\t\t\t\t\t\t\t\t\t\t\t<\/div>\n\t\t\t\t<\/div>\n\t\t\t\t<\/div>\n\t\t<div class=\"elementor-element elementor-element-1de11c70 e-con-full e-flex e-con e-child\" data-id=\"1de11c70\" data-element_type=\"container\" data-e-type=\"container\">\n\t\t\t\t<div class=\"elementor-element elementor-element-bf9a09c elementor-widget elementor-widget-text-editor\" data-id=\"bf9a09c\" data-element_type=\"widget\" data-e-type=\"widget\" data-widget_type=\"text-editor.default\">\n\t\t\t\t<div class=\"elementor-widget-container\">\n\t\t\t\t\t\t\t\t\t<h6><span style=\"color: #000000;\">Die Kreuzung Gr\u00fcne Str. &#8211; Anton-G\u00fcnther-Str. war ein Unfallschwerpunkt besonders f\u00fcr Radfahrer und Fu\u00dfg\u00e4nger. Mit der Installation einer Ampelanlage und den entsprechenden Fahrspuren konnte die Kreuzung entscheidend entsch\u00e4rft werden.<br \/><\/span><\/h6>\t\t\t\t\t\t\t\t<\/div>\n\t\t\t\t<\/div>\n\t\t\t\t<\/div>\n\t\t\t\t<\/div>\n\t\t\t\t<\/div>\n\t\t","protected":false},"excerpt":{"rendered":"<p>Kreuzung Gr\u00fcne Str. &#8211; Anton-G\u00fcnther-Str.Vorschlag 726 &#8211; 08.12.2019\u00a0 Die Kreuzung Gr\u00fcne Str. &#8211; Anton-G\u00fcnther-Str. war ein Unfallschwerpunkt besonders f\u00fcr Radfahrer und Fu\u00dfg\u00e4nger. Mit der Installation einer Ampelanlage und den entsprechenden Fahrspuren konnte die Kreuzung entscheidend entsch\u00e4rft werden.<\/p>\n","protected":false},"author":1,"featured_media":0,"parent":0,"menu_order":0,"comment_status":"closed","ping_status":"closed","template":"","meta":{"om_disable_all_campaigns":false,"_monsterinsights_skip_tracking":false,"_monsterinsights_sitenote_active":false,"_monsterinsights_sitenote_note":"","_monsterinsights_sitenote_category":0,"footnotes":""},"class_list":["post-2914","page","type-page","status-publish","hentry"],"aioseo_notices":[],"_links":{"self":[{"href":"https:\/\/bib-delmenhorst.de\/wordpress\/index.php?rest_route=\/wp\/v2\/pages\/2914","targetHints":{"allow":["GET"]}}],"collection":[{"href":"https:\/\/bib-delmenhorst.de\/wordpress\/index.php?rest_route=\/wp\/v2\/pages"}],"about":[{"href":"https:\/\/bib-delmenhorst.de\/wordpress\/index.php?rest_route=\/wp\/v2\/types\/page"}],"author":[{"embeddable":true,"href":"https:\/\/bib-delmenhorst.de\/wordpress\/index.php?rest_route=\/wp\/v2\/users\/1"}],"replies":[{"embeddable":true,"href":"https:\/\/bib-delmenhorst.de\/wordpress\/index.php?rest_route=%2Fwp%2Fv2%2Fcomments&post=2914"}],"version-history":[{"count":10,"href":"https:\/\/bib-delmenhorst.de\/wordpress\/index.php?rest_route=\/wp\/v2\/pages\/2914\/revisions"}],"predecessor-version":[{"id":2969,"href":"https:\/\/bib-delmenhorst.de\/wordpress\/index.php?rest_route=\/wp\/v2\/pages\/2914\/revisions\/2969"}],"wp:attachment":[{"href":"https:\/\/bib-delmenhorst.de\/wordpress\/index.php?rest_route=%2Fwp%2Fv2%2Fmedia&parent=2914"}],"curies":[{"name":"wp","href":"https:\/\/api.w.org\/{rel}","templated":true}]}}