{"id":2888,"date":"2025-03-14T10:02:12","date_gmt":"2025-03-14T10:02:12","guid":{"rendered":"https:\/\/bib-delmenhorst.de\/wordpress\/?page_id=2888"},"modified":"2025-03-14T17:46:57","modified_gmt":"2025-03-14T17:46:57","slug":"barfusspfad","status":"publish","type":"page","link":"https:\/\/bib-delmenhorst.de\/wordpress\/?page_id=2888","title":{"rendered":"Barfu\u00dfpfad"},"content":{"rendered":"\t\t<div data-elementor-type=\"wp-page\" data-elementor-id=\"2888\" class=\"elementor elementor-2888\" data-elementor-post-type=\"page\">\n\t\t\t\t<div class=\"elementor-element elementor-element-28095e3e e-con-full e-flex e-con e-parent\" data-id=\"28095e3e\" data-element_type=\"container\" data-e-type=\"container\" data-settings=\"{&quot;background_background&quot;:&quot;classic&quot;}\">\n\t\t\t\t<div class=\"elementor-element elementor-element-ef4042f elementor-widget elementor-widget-text-editor\" data-id=\"ef4042f\" data-element_type=\"widget\" data-e-type=\"widget\" data-widget_type=\"text-editor.default\">\n\t\t\t\t<div class=\"elementor-widget-container\">\n\t\t\t\t\t\t\t\t\t<h5><span style=\"color: #000000;\"><strong>Barf<span style=\"color: #000000;\">u\u00dfpfad<\/span><\/strong><\/span><br \/><span style=\"color: #000000;\"><strong>Vorschlag 663 &#8211; 17.10.2014 <br \/><\/strong><\/span><\/h5>\t\t\t\t\t\t\t\t<\/div>\n\t\t\t\t<\/div>\n\t\t\t\t<\/div>\n\t\t<div class=\"elementor-element elementor-element-8dc426 e-con-full e-flex e-con e-parent\" data-id=\"8dc426\" data-element_type=\"container\" data-e-type=\"container\" data-settings=\"{&quot;background_background&quot;:&quot;classic&quot;}\">\n\t\t<div class=\"elementor-element elementor-element-3cabb010 e-con-full e-flex e-con e-child\" data-id=\"3cabb010\" data-element_type=\"container\" data-e-type=\"container\">\n\t\t\t\t<div class=\"elementor-element elementor-element-63518dc7 elementor-widget elementor-widget-image\" data-id=\"63518dc7\" data-element_type=\"widget\" data-e-type=\"widget\" data-widget_type=\"image.default\">\n\t\t\t\t<div class=\"elementor-widget-container\">\n\t\t\t\t\t\t\t\t\t\t\t\t<figure class=\"wp-caption\">\n\t\t\t\t\t\t\t\t\t\t\t<a href=\"https:\/\/bib-delmenhorst.de\/wordpress\/wp-content\/uploads\/2023\/06\/Foto-2.png\" data-elementor-open-lightbox=\"yes\" data-elementor-lightbox-title=\"Foto 2\" data-e-action-hash=\"#elementor-action%3Aaction%3Dlightbox%26settings%3DeyJpZCI6MjMwOSwidXJsIjoiaHR0cHM6XC9cL2JpYi1kZWxtZW5ob3JzdC5kZVwvd29yZHByZXNzXC93cC1jb250ZW50XC91cGxvYWRzXC8yMDIzXC8wNlwvRm90by0yLnBuZyJ9\">\n\t\t\t\t\t\t\t<img fetchpriority=\"high\" decoding=\"async\" width=\"300\" height=\"204\" src=\"https:\/\/bib-delmenhorst.de\/wordpress\/wp-content\/uploads\/2023\/06\/Foto-2-300x204.png\" class=\"attachment-medium size-medium wp-image-2309\" alt=\"\" srcset=\"https:\/\/bib-delmenhorst.de\/wordpress\/wp-content\/uploads\/2023\/06\/Foto-2-300x204.png 300w, https:\/\/bib-delmenhorst.de\/wordpress\/wp-content\/uploads\/2023\/06\/Foto-2.png 562w\" sizes=\"(max-width: 300px) 100vw, 300px\" \/>\t\t\t\t\t\t\t\t<\/a>\n\t\t\t\t\t\t\t\t\t\t\t<figcaption class=\"widget-image-caption wp-caption-text\">Barfu\u00dfpfad<\/figcaption>\n\t\t\t\t\t\t\t\t\t\t<\/figure>\n\t\t\t\t\t\t\t\t\t<\/div>\n\t\t\t\t<\/div>\n\t\t\t\t<\/div>\n\t\t<div class=\"elementor-element elementor-element-145bd959 e-con-full e-flex e-con e-child\" data-id=\"145bd959\" data-element_type=\"container\" data-e-type=\"container\">\n\t\t\t\t<div class=\"elementor-element elementor-element-4b9d8a50 elementor-widget__width-initial elementor-widget elementor-widget-text-editor\" data-id=\"4b9d8a50\" data-element_type=\"widget\" data-e-type=\"widget\" data-widget_type=\"text-editor.default\">\n\t\t\t\t<div class=\"elementor-widget-container\">\n\t\t\t\t\t\t\t\t\t<h6><span style=\"color: #000000;\">Ein Barfu\u00dfpfad ist ein St\u00fcck Wegstrecke mit unterschiedlicher Bodenbeschaffenheit auf Grund unterschiedlicher Bodenmaterialien. Ziel ist es,durch Barfu\u00dflaufen die Sinneseindr\u00fccke zu sensibilisieren.<\/span><\/h6>\t\t\t\t\t\t\t\t<\/div>\n\t\t\t\t<\/div>\n\t\t\t\t<\/div>\n\t\t<div class=\"elementor-element elementor-element-55498574 e-con-full e-flex e-con e-child\" data-id=\"55498574\" data-element_type=\"container\" data-e-type=\"container\">\n\t\t\t\t<div class=\"elementor-element elementor-element-35c160ca elementor-widget elementor-widget-text-editor\" data-id=\"35c160ca\" data-element_type=\"widget\" data-e-type=\"widget\" data-widget_type=\"text-editor.default\">\n\t\t\t\t<div class=\"elementor-widget-container\">\n\t\t\t\t\t\t\t\t\t<h5><strong><span style=\"color: #000000;\">Standort<\/span><\/strong><\/h5><h6><span style=\"color: #000000;\">Der Standort vom Barfu\u00dfpfad liegt in der Aussengraft in der N\u00e4he vom Kinderspielplazu und der Minigolfanlage.<br \/><\/span><\/h6><p>\u00a0<\/p>\t\t\t\t\t\t\t\t<\/div>\n\t\t\t\t<\/div>\n\t\t\t\t<\/div>\n\t\t<div class=\"elementor-element elementor-element-406493d8 e-con-full e-flex e-con e-child\" data-id=\"406493d8\" data-element_type=\"container\" data-e-type=\"container\">\n\t\t\t\t<div class=\"elementor-element elementor-element-748da2cd elementor-widget elementor-widget-image\" data-id=\"748da2cd\" data-element_type=\"widget\" data-e-type=\"widget\" data-widget_type=\"image.default\">\n\t\t\t\t<div class=\"elementor-widget-container\">\n\t\t\t\t\t\t\t\t\t\t\t\t\t\t\t<img decoding=\"async\" width=\"489\" height=\"323\" src=\"https:\/\/bib-delmenhorst.de\/wordpress\/wp-content\/uploads\/2023\/07\/Karte-Barfusspfad.png\" class=\"attachment-full size-full wp-image-2462\" alt=\"\" srcset=\"https:\/\/bib-delmenhorst.de\/wordpress\/wp-content\/uploads\/2023\/07\/Karte-Barfusspfad.png 489w, https:\/\/bib-delmenhorst.de\/wordpress\/wp-content\/uploads\/2023\/07\/Karte-Barfusspfad-300x198.png 300w\" sizes=\"(max-width: 489px) 100vw, 489px\" \/>\t\t\t\t\t\t\t\t\t\t\t\t\t\t\t<\/div>\n\t\t\t\t<\/div>\n\t\t\t\t<\/div>\n\t\t\t\t<\/div>\n\t\t\t\t<\/div>\n\t\t","protected":false},"excerpt":{"rendered":"<p>Barfu\u00dfpfadVorschlag 663 &#8211; 17.10.2014 Barfu\u00dfpfad Ein Barfu\u00dfpfad ist ein St\u00fcck Wegstrecke mit unterschiedlicher Bodenbeschaffenheit auf Grund unterschiedlicher Bodenmaterialien. Ziel ist es,durch Barfu\u00dflaufen die Sinneseindr\u00fccke zu sensibilisieren. Standort Der Standort vom Barfu\u00dfpfad liegt in der Aussengraft in der N\u00e4he vom Kinderspielplazu und der Minigolfanlage. \u00a0<\/p>\n","protected":false},"author":1,"featured_media":0,"parent":0,"menu_order":0,"comment_status":"closed","ping_status":"closed","template":"","meta":{"om_disable_all_campaigns":false,"_monsterinsights_skip_tracking":false,"_monsterinsights_sitenote_active":false,"_monsterinsights_sitenote_note":"","_monsterinsights_sitenote_category":0,"footnotes":""},"class_list":["post-2888","page","type-page","status-publish","hentry"],"aioseo_notices":[],"_links":{"self":[{"href":"https:\/\/bib-delmenhorst.de\/wordpress\/index.php?rest_route=\/wp\/v2\/pages\/2888","targetHints":{"allow":["GET"]}}],"collection":[{"href":"https:\/\/bib-delmenhorst.de\/wordpress\/index.php?rest_route=\/wp\/v2\/pages"}],"about":[{"href":"https:\/\/bib-delmenhorst.de\/wordpress\/index.php?rest_route=\/wp\/v2\/types\/page"}],"author":[{"embeddable":true,"href":"https:\/\/bib-delmenhorst.de\/wordpress\/index.php?rest_route=\/wp\/v2\/users\/1"}],"replies":[{"embeddable":true,"href":"https:\/\/bib-delmenhorst.de\/wordpress\/index.php?rest_route=%2Fwp%2Fv2%2Fcomments&post=2888"}],"version-history":[{"count":16,"href":"https:\/\/bib-delmenhorst.de\/wordpress\/index.php?rest_route=\/wp\/v2\/pages\/2888\/revisions"}],"predecessor-version":[{"id":3004,"href":"https:\/\/bib-delmenhorst.de\/wordpress\/index.php?rest_route=\/wp\/v2\/pages\/2888\/revisions\/3004"}],"wp:attachment":[{"href":"https:\/\/bib-delmenhorst.de\/wordpress\/index.php?rest_route=%2Fwp%2Fv2%2Fmedia&parent=2888"}],"curies":[{"name":"wp","href":"https:\/\/api.w.org\/{rel}","templated":true}]}}