{"id":2538,"date":"2023-08-03T08:18:05","date_gmt":"2023-08-03T08:18:05","guid":{"rendered":"https:\/\/bib-delmenhorst.de\/wordpress\/?page_id=2538"},"modified":"2024-09-22T14:12:27","modified_gmt":"2024-09-22T14:12:27","slug":"neuigkeiten","status":"publish","type":"page","link":"https:\/\/bib-delmenhorst.de\/wordpress\/?page_id=2538","title":{"rendered":"Neuigkeiten"},"content":{"rendered":"\t\t<div data-elementor-type=\"wp-page\" data-elementor-id=\"2538\" class=\"elementor elementor-2538\" data-elementor-post-type=\"page\">\n\t\t\t\t<div class=\"elementor-element elementor-element-c4d6135 e-con-full e-flex e-con e-parent\" data-id=\"c4d6135\" data-element_type=\"container\" data-e-type=\"container\" data-settings=\"{&quot;background_background&quot;:&quot;classic&quot;}\">\n\t\t\t\t<div class=\"elementor-element elementor-element-b0ff3dc elementor-widget elementor-widget-text-editor\" data-id=\"b0ff3dc\" data-element_type=\"widget\" data-e-type=\"widget\" data-widget_type=\"text-editor.default\">\n\t\t\t\t<div class=\"elementor-widget-container\">\n\t\t\t\t\t\t\t\t\t<h4><span style=\"color: #ffffff;\"><strong>\u00d6ffentliche Sitzung vom Arbeitskreis B\u00fcrgerIDEENB\u00f6rse, am 26.09.2024, um 19.00 Uhr im Treffpunkt Deichhorst<\/strong><\/span><\/h4>\t\t\t\t\t\t\t\t<\/div>\n\t\t\t\t<\/div>\n\t\t\t\t<\/div>\n\t\t<div class=\"elementor-element elementor-element-cc4271e e-con-full e-flex e-con e-parent\" data-id=\"cc4271e\" data-element_type=\"container\" data-e-type=\"container\" data-settings=\"{&quot;background_background&quot;:&quot;classic&quot;}\">\n\t\t<div class=\"elementor-element elementor-element-ebe8620 e-con-full e-flex e-con e-child\" data-id=\"ebe8620\" data-element_type=\"container\" data-e-type=\"container\">\n\t\t\t\t<div class=\"elementor-element elementor-element-6d99ed8 elementor-widget__width-initial elementor-widget elementor-widget-image\" data-id=\"6d99ed8\" data-element_type=\"widget\" data-e-type=\"widget\" data-widget_type=\"image.default\">\n\t\t\t\t<div class=\"elementor-widget-container\">\n\t\t\t\t\t\t\t\t\t\t\t\t<figure class=\"wp-caption\">\n\t\t\t\t\t\t\t\t\t\t\t<a href=\"https:\/\/bib-delmenhorst.de\/wordpress\/wp-content\/uploads\/2024\/09\/Treffpunkt-Deichhorst.png\" data-elementor-open-lightbox=\"yes\" data-elementor-lightbox-title=\"Treffpunkt Deichhorst\" data-e-action-hash=\"#elementor-action%3Aaction%3Dlightbox%26settings%3DeyJpZCI6Mjc2NywidXJsIjoiaHR0cHM6XC9cL2JpYi1kZWxtZW5ob3JzdC5kZVwvd29yZHByZXNzXC93cC1jb250ZW50XC91cGxvYWRzXC8yMDI0XC8wOVwvVHJlZmZwdW5rdC1EZWljaGhvcnN0LnBuZyJ9\">\n\t\t\t\t\t\t\t<img fetchpriority=\"high\" decoding=\"async\" width=\"800\" height=\"433\" src=\"https:\/\/bib-delmenhorst.de\/wordpress\/wp-content\/uploads\/2024\/09\/Treffpunkt-Deichhorst-1024x554.png\" class=\"attachment-large size-large wp-image-2767\" alt=\"\" srcset=\"https:\/\/bib-delmenhorst.de\/wordpress\/wp-content\/uploads\/2024\/09\/Treffpunkt-Deichhorst-1024x554.png 1024w, https:\/\/bib-delmenhorst.de\/wordpress\/wp-content\/uploads\/2024\/09\/Treffpunkt-Deichhorst-300x162.png 300w, https:\/\/bib-delmenhorst.de\/wordpress\/wp-content\/uploads\/2024\/09\/Treffpunkt-Deichhorst-768x416.png 768w, https:\/\/bib-delmenhorst.de\/wordpress\/wp-content\/uploads\/2024\/09\/Treffpunkt-Deichhorst.png 1234w\" sizes=\"(max-width: 800px) 100vw, 800px\" \/>\t\t\t\t\t\t\t\t<\/a>\n\t\t\t\t\t\t\t\t\t\t\t<figcaption class=\"widget-image-caption wp-caption-text\">Treffpunkt Deichhorst<\/figcaption>\n\t\t\t\t\t\t\t\t\t\t<\/figure>\n\t\t\t\t\t\t\t\t\t<\/div>\n\t\t\t\t<\/div>\n\t\t\t\t<\/div>\n\t\t<div class=\"elementor-element elementor-element-3288ae8 e-con-full e-flex e-con e-child\" data-id=\"3288ae8\" data-element_type=\"container\" data-e-type=\"container\">\n\t\t\t\t<div class=\"elementor-element elementor-element-67f2a22 elementor-widget elementor-widget-text-editor\" data-id=\"67f2a22\" data-element_type=\"widget\" data-e-type=\"widget\" data-widget_type=\"text-editor.default\">\n\t\t\t\t<div class=\"elementor-widget-container\">\n\t\t\t\t\t\t\t\t\t<h6><strong><span style=\"color: #000000;\">Die B\u00fcrgerIDEENB\u00f6rse l\u00e4dt alle interessierten Delmenhorster B\u00fcrger\/innen zu einer \u00f6ffentlichen Informationsveranstaltung ein. Diese findet am 26. September 2024, ab 19 Uhr im Treffpunkt Deichhorst, Raum 3, Kantstra\u00dfe 40, 27753 Delmenhorst, neben der Grundschule, statt. Es ist uns ein Anliegen, die Delmenhorster mit ihren Ideen und Vorstellungen zu erreichen.<\/span><\/strong><\/h6><h6><span style=\"color: #000000;\"><strong>Die Tagesordnung sieht daher dann wie folgt aus:<\/strong><\/span><\/h6><h6><span style=\"color: #000000;\">Begr\u00fc\u00dfung und Er\u00f6ffnung der <u>\u00f6ffentlichen<\/u> Sitzung<\/span><\/h6><h6><span style=\"color: #000000;\">Informationen \u00fcber den AK <strong>B\u00fcrgerIDEENB\u00f6rse <\/strong>und dessen Arbeit und Diskussion<\/span><\/h6><h6><span style=\"color: #000000;\">Schlie\u00dfung der \u00f6ffentlichen Sitzung<\/span><\/h6><h6><span style=\"color: #000000;\">Feststellung der Tagesordnung f\u00fcr den <u>nicht-\u00f6ffentlichen<\/u> Teil<\/span><\/h6><h6><span style=\"color: #000000;\">Genehmigung des Protokolls vom 20.06.2024<\/span><\/h6><h6><span style=\"color: #000000;\">Beratung neuer Ideeneing\u00e4nge<\/span><\/h6><h6><span style=\"color: #000000;\">Termine<\/span><\/h6><h6><span style=\"color: #000000;\">Verschiedenes (u.a. \u00c4nderung der Gesch\u00e4ftsordnung)<\/span><\/h6><h6><span style=\"color: #000000;\">Schlie\u00dfung der nicht-\u00f6ffentlichen Sitzung<\/span><\/h6><h6><strong><span style=\"color: #000000;\">Falls Sie vorab Fragen oder Anregungen haben oder Sie verhindert sind, k\u00f6nnen Sie uns diese gerne per Mail an <a style=\"color: #000000;\" href=\"mailto:anke-albert@bib-delmenhorst.de\">anke-albert@bib-delmenhorst.de<\/a>, zukommen lassen.<\/span><\/strong><\/h6><h6><strong><span style=\"color: #000000;\">Gez. Anke Albert<\/span><\/strong><br \/><strong><span style=\"color: #000000;\">Vorsitzende<\/span><\/strong><\/h6>\t\t\t\t\t\t\t\t<\/div>\n\t\t\t\t<\/div>\n\t\t\t\t<\/div>\n\t\t<div class=\"elementor-element elementor-element-7f3f2f7 e-con-full e-flex e-con e-child\" data-id=\"7f3f2f7\" data-element_type=\"container\" data-e-type=\"container\">\n\t\t\t\t<\/div>\n\t\t\t\t<\/div>\n\t\t<div class=\"elementor-element elementor-element-2aa58e8 e-con-full e-flex e-con e-parent\" data-id=\"2aa58e8\" data-element_type=\"container\" data-e-type=\"container\" data-settings=\"{&quot;background_background&quot;:&quot;classic&quot;}\">\n\t\t\t\t<div class=\"elementor-element elementor-element-a81dea9 elementor-widget__width-initial elementor-widget elementor-widget-text-editor\" data-id=\"a81dea9\" data-element_type=\"widget\" data-e-type=\"widget\" data-widget_type=\"text-editor.default\">\n\t\t\t\t<div class=\"elementor-widget-container\">\n\t\t\t\t\t\t\t\t\t<h4><strong>Danke Ulf Kors f\u00fcr deine Mitarbeit<\/strong><\/h4>\t\t\t\t\t\t\t\t<\/div>\n\t\t\t\t<\/div>\n\t\t\t\t<\/div>\n\t\t<div class=\"elementor-element elementor-element-2989125 e-con-full e-flex e-con e-parent\" data-id=\"2989125\" data-element_type=\"container\" data-e-type=\"container\" data-settings=\"{&quot;background_background&quot;:&quot;classic&quot;}\">\n\t\t<div class=\"elementor-element elementor-element-034b577 e-con-full e-flex e-con e-child\" data-id=\"034b577\" data-element_type=\"container\" data-e-type=\"container\">\n\t\t\t\t<div class=\"elementor-element elementor-element-9a442c0 elementor-widget elementor-widget-image\" data-id=\"9a442c0\" data-element_type=\"widget\" data-e-type=\"widget\" data-widget_type=\"image.default\">\n\t\t\t\t<div class=\"elementor-widget-container\">\n\t\t\t\t\t\t\t\t\t\t\t\t<figure class=\"wp-caption\">\n\t\t\t\t\t\t\t\t\t\t\t<a href=\"https:\/\/bib-delmenhorst.de\/wordpress\/wp-content\/uploads\/2023\/09\/Abschied-rotated.jpg\" data-elementor-open-lightbox=\"yes\" data-elementor-lightbox-title=\"Abschied\" data-e-action-hash=\"#elementor-action%3Aaction%3Dlightbox%26settings%3DeyJpZCI6MjU4MiwidXJsIjoiaHR0cHM6XC9cL2JpYi1kZWxtZW5ob3JzdC5kZVwvd29yZHByZXNzXC93cC1jb250ZW50XC91cGxvYWRzXC8yMDIzXC8wOVwvQWJzY2hpZWQtcm90YXRlZC5qcGcifQ%3D%3D\">\n\t\t\t\t\t\t\t<img decoding=\"async\" width=\"768\" height=\"1024\" src=\"https:\/\/bib-delmenhorst.de\/wordpress\/wp-content\/uploads\/2023\/09\/Abschied-768x1024.jpg\" class=\"attachment-large size-large wp-image-2582\" alt=\"Anke Albert, Ulf Kors, Alfred Breitenb\u00fccher\" srcset=\"https:\/\/bib-delmenhorst.de\/wordpress\/wp-content\/uploads\/2023\/09\/Abschied-768x1024.jpg 768w, https:\/\/bib-delmenhorst.de\/wordpress\/wp-content\/uploads\/2023\/09\/Abschied-225x300.jpg 225w, https:\/\/bib-delmenhorst.de\/wordpress\/wp-content\/uploads\/2023\/09\/Abschied-1152x1536.jpg 1152w, https:\/\/bib-delmenhorst.de\/wordpress\/wp-content\/uploads\/2023\/09\/Abschied-rotated.jpg 1530w\" sizes=\"(max-width: 768px) 100vw, 768px\" \/>\t\t\t\t\t\t\t\t<\/a>\n\t\t\t\t\t\t\t\t\t\t\t<figcaption class=\"widget-image-caption wp-caption-text\">Anke Albert, Ulf Kors, Alfred Breitenb\u00fccher<\/figcaption>\n\t\t\t\t\t\t\t\t\t\t<\/figure>\n\t\t\t\t\t\t\t\t\t<\/div>\n\t\t\t\t<\/div>\n\t\t\t\t<\/div>\n\t\t<div class=\"elementor-element elementor-element-b2c8ee4 e-con-full e-flex e-con e-child\" data-id=\"b2c8ee4\" data-element_type=\"container\" data-e-type=\"container\">\n\t\t\t\t<div class=\"elementor-element elementor-element-9ff8e28 elementor-widget elementor-widget-text-editor\" data-id=\"9ff8e28\" data-element_type=\"widget\" data-e-type=\"widget\" data-widget_type=\"text-editor.default\">\n\t\t\t\t<div class=\"elementor-widget-container\">\n\t\t\t\t\t\t\t\t\t<h6><span style=\"color: #000000;\">Im Juni 2023 trat Ulf Kors als langj\u00e4hriges Teammitglied der B\u00fcrgerIdeenB\u00f6rse\u00a0 zur\u00fcck. Ulf Kors war insgesamt 13 Jahre in der der B\u00fcrgerIdeenB\u00f6rse t\u00e4tig. Vom 10.03.2010 als Ratsmitglied und ab dem November 2011 als B\u00fcrger. Mit seinen Erfahrungen als erfahrener Kommunalpolitiker konnte er viele Ratschl\u00e4ge und Ideen einbringen.Die Teammitglieder w\u00fcnschen ihm f\u00fcr den neuen Lebensabschnitt alles Gute und werden ihn in guter Errinnerung behalten.<br \/>Anl\u00e4sslich der Verabschiedung \u00fcbergab die Vorsitzende der B\u00fcrgerIdeenb\u00f6rse Anke Albert im Beisein des Mitbegr\u00fcnders der IdeenB\u00f6rse Alfred Breitenb\u00fccher einen Biogeschenkkorb als Danlesch\u00f6n f\u00fcr die geleistete Arbeit.<\/span><\/h6><p>24.09.2023<\/p>\t\t\t\t\t\t\t\t<\/div>\n\t\t\t\t<\/div>\n\t\t\t\t<\/div>\n\t\t\t\t<\/div>\n\t\t<div class=\"elementor-element elementor-element-55f437e e-con-full e-flex e-con e-parent\" data-id=\"55f437e\" data-element_type=\"container\" data-e-type=\"container\" data-settings=\"{&quot;background_background&quot;:&quot;classic&quot;}\">\n\t\t\t\t<div class=\"elementor-element elementor-element-1b17d58 elementor-widget elementor-widget-text-editor\" data-id=\"1b17d58\" data-element_type=\"widget\" data-e-type=\"widget\" data-widget_type=\"text-editor.default\">\n\t\t\t\t<div class=\"elementor-widget-container\">\n\t\t\t\t\t\t\t\t\t<h4 style=\"text-align: center;\"><strong><span style=\"color: #ffffff;\">Erfolgreiches Kartoffelfest<\/span><\/strong><\/h4>\t\t\t\t\t\t\t\t<\/div>\n\t\t\t\t<\/div>\n\t\t\t\t<\/div>\n\t\t<div class=\"elementor-element elementor-element-8601950 e-con-full e-flex e-con e-parent\" data-id=\"8601950\" data-element_type=\"container\" data-e-type=\"container\" data-settings=\"{&quot;background_background&quot;:&quot;classic&quot;}\">\n\t\t<div class=\"elementor-element elementor-element-1783804 e-con-full e-flex e-con e-child\" data-id=\"1783804\" data-element_type=\"container\" data-e-type=\"container\">\n\t\t\t\t<div class=\"elementor-element elementor-element-9b399d0 elementor-widget__width-initial elementor-widget elementor-widget-image\" data-id=\"9b399d0\" data-element_type=\"widget\" data-e-type=\"widget\" data-widget_type=\"image.default\">\n\t\t\t\t<div class=\"elementor-widget-container\">\n\t\t\t\t\t\t\t\t\t\t\t\t\t\t\t\t<a href=\"https:\/\/bib-delmenhorst.de\/wordpress\/wp-content\/uploads\/2023\/10\/2023-Stand-.jpg\" data-elementor-open-lightbox=\"yes\" data-elementor-lightbox-title=\"2023 Stand\" data-e-action-hash=\"#elementor-action%3Aaction%3Dlightbox%26settings%3DeyJpZCI6MjYyMywidXJsIjoiaHR0cHM6XC9cL2JpYi1kZWxtZW5ob3JzdC5kZVwvd29yZHByZXNzXC93cC1jb250ZW50XC91cGxvYWRzXC8yMDIzXC8xMFwvMjAyMy1TdGFuZC0uanBnIn0%3D\">\n\t\t\t\t\t\t\t<img decoding=\"async\" width=\"640\" height=\"480\" src=\"https:\/\/bib-delmenhorst.de\/wordpress\/wp-content\/uploads\/2023\/10\/2023-Stand-.jpg\" class=\"attachment-large size-large wp-image-2623\" alt=\"\" srcset=\"https:\/\/bib-delmenhorst.de\/wordpress\/wp-content\/uploads\/2023\/10\/2023-Stand-.jpg 640w, https:\/\/bib-delmenhorst.de\/wordpress\/wp-content\/uploads\/2023\/10\/2023-Stand--300x225.jpg 300w\" sizes=\"(max-width: 640px) 100vw, 640px\" \/>\t\t\t\t\t\t\t\t<\/a>\n\t\t\t\t\t\t\t\t\t\t\t\t\t\t\t<\/div>\n\t\t\t\t<\/div>\n\t\t\t\t<\/div>\n\t\t<div class=\"elementor-element elementor-element-5d82aa2 e-con-full e-flex e-con e-child\" data-id=\"5d82aa2\" data-element_type=\"container\" data-e-type=\"container\">\n\t\t\t\t<div class=\"elementor-element elementor-element-39ed4cc elementor-widget elementor-widget-image\" data-id=\"39ed4cc\" data-element_type=\"widget\" data-e-type=\"widget\" data-widget_type=\"image.default\">\n\t\t\t\t<div class=\"elementor-widget-container\">\n\t\t\t\t\t\t\t\t\t\t\t\t\t\t\t\t<a href=\"https:\/\/bib-delmenhorst.de\/wordpress\/wp-content\/uploads\/2023\/10\/2023-Stand-2.jpg\" data-elementor-open-lightbox=\"yes\" data-elementor-lightbox-title=\"2023 Stand 2\" data-e-action-hash=\"#elementor-action%3Aaction%3Dlightbox%26settings%3DeyJpZCI6MjYyNywidXJsIjoiaHR0cHM6XC9cL2JpYi1kZWxtZW5ob3JzdC5kZVwvd29yZHByZXNzXC93cC1jb250ZW50XC91cGxvYWRzXC8yMDIzXC8xMFwvMjAyMy1TdGFuZC0yLmpwZyJ9\">\n\t\t\t\t\t\t\t<img loading=\"lazy\" decoding=\"async\" width=\"640\" height=\"480\" src=\"https:\/\/bib-delmenhorst.de\/wordpress\/wp-content\/uploads\/2023\/10\/2023-Stand-2.jpg\" class=\"attachment-large size-large wp-image-2627\" alt=\"\" srcset=\"https:\/\/bib-delmenhorst.de\/wordpress\/wp-content\/uploads\/2023\/10\/2023-Stand-2.jpg 640w, https:\/\/bib-delmenhorst.de\/wordpress\/wp-content\/uploads\/2023\/10\/2023-Stand-2-300x225.jpg 300w\" sizes=\"(max-width: 640px) 100vw, 640px\" \/>\t\t\t\t\t\t\t\t<\/a>\n\t\t\t\t\t\t\t\t\t\t\t\t\t\t\t<\/div>\n\t\t\t\t<\/div>\n\t\t\t\t<\/div>\n\t\t<div class=\"elementor-element elementor-element-d7284b8 e-con-full e-flex e-con e-child\" data-id=\"d7284b8\" data-element_type=\"container\" data-e-type=\"container\">\n\t\t\t\t<div class=\"elementor-element elementor-element-412a80a elementor-widget elementor-widget-text-editor\" data-id=\"412a80a\" data-element_type=\"widget\" data-e-type=\"widget\" data-widget_type=\"text-editor.default\">\n\t\t\t\t<div class=\"elementor-widget-container\">\n\t\t\t\t\t\t\t\t\t<h6><span style=\"color: #000000;\">Das Mitgliederteam der B\u00fcrgerIdeenB\u00f6rse kann auf eine erfolgreiche Teilnahme am Kartoffelfest zur\u00fcckblicken. Insgesamt wurden an der insgesamt 8-st\u00fcndigen Veranstaltung 63 Vorschl\u00e4ge von B\u00fcrgerinnen und B\u00fcrgern aus Delmenhorst und von G\u00e4sten aus der Umgebung abgegeben. Die abgegebenen Vorschl\u00e4ge stellten einen Querschnitt aus dem t\u00e4glichen Leben dar.<\/span><br \/><span style=\"color: #000000;\">So wurde der Wusch vorgetragen, dass auch gebehinderte Personen gerne einmal auf den Wasserturm m\u00f6chten. Die Sauberkeit in der Stadt war immer wieder ein Thema. Ein immer wiederkehrender Wunsch ist eine saubere Toilettenanlage in der Stadt.Hoch im Kurs stand das Thema Verkehr. Von Radfahrern und E-Scootern in der Fu\u00dfg\u00e4ngerzone, \u00fcber nicht kontrolliertes Parken im Innenstadtbereich, bis hin zu r\u00fccksichtslosen Radfahrern, war alles vertreten. Eine Idee bezog sich auf die Ansiedelung einer Shuffleboard-Anlage und einer weiteren Boule-Anlage am Minigolfplatz.\u00a0Auch kulinarisch waren W\u00fcnschen vorhanden. Die Ansiedelung eines Fischgesch\u00e4ftes wurde ebenso gew\u00fcnscht wie die Ansiedelung eines Foodcourtes (verschiedene Lebensmittelverkaufsstellen innerhalb eines Geb\u00e4udes).\u00a0Zu dem Bereich Natur und Umwelt geh\u00f6rten der Wunsch nach mehr gro\u00dfen B\u00e4umen, Begr\u00fcnung von Geb\u00e4uden, mehr Sitzm\u00f6glichkeiten im Gr\u00fcnen. Als einen St\u00f6rfaktor wurden die zu gro\u00dfe Anzahl von G\u00e4nsen in der Graft aufgef\u00fchrt. Die Jugendlichen w\u00fcnschten sich Pl\u00e4tze oder Orte zum Chillen und Treffen. Dazu kamen noch viele Ideen zu einzelnen Themen. Die B\u00fcrger-IdeenB\u00f6rse wird nun alle die Ideen bewerten, b\u00fcndeln und den Fachdiensten der Stadt mit der Hoffnung vortragen, dass die W\u00fcnsche dort auf offenen Ohren treffen und zu weit wie m\u00f6glich umgesetzt werden. Wer sich \u00fcber die B\u00fcrgerIdeenB\u00f6rse informieren m\u00f6chte, kann dieses unter <a style=\"color: #000000;\" href=\"http:\/\/www.bib-delmenhorst.de\">www.bib-delmenhorst.de<\/a> machen. Dort k\u00f6nnen auch Ideen direkt eingegeben mitgeteilt werden. Weiterhin sucht das Team noch interessierte B\u00fcrgerinnen und B\u00fcrger, die sich ehrenamtlich eine Mitarbeit vorstellen k\u00f6nnen.<br \/><br \/>08.10.2023<\/span><\/h6>\t\t\t\t\t\t\t\t<\/div>\n\t\t\t\t<\/div>\n\t\t\t\t<\/div>\n\t\t\t\t<\/div>\n\t\t\t\t<\/div>\n\t\t","protected":false},"excerpt":{"rendered":"<p>\u00d6ffentliche Sitzung vom Arbeitskreis B\u00fcrgerIDEENB\u00f6rse, am 26.09.2024, um 19.00 Uhr im Treffpunkt Deichhorst Treffpunkt Deichhorst Die B\u00fcrgerIDEENB\u00f6rse l\u00e4dt alle interessierten Delmenhorster B\u00fcrger\/innen zu einer \u00f6ffentlichen Informationsveranstaltung ein. Diese findet am 26. September 2024, ab 19 Uhr im Treffpunkt Deichhorst, Raum 3, Kantstra\u00dfe 40, 27753 Delmenhorst, neben der Grundschule, statt. Es ist uns ein Anliegen, die [&hellip;]<\/p>\n","protected":false},"author":1,"featured_media":0,"parent":0,"menu_order":0,"comment_status":"closed","ping_status":"closed","template":"","meta":{"om_disable_all_campaigns":false,"_monsterinsights_skip_tracking":false,"_monsterinsights_sitenote_active":false,"_monsterinsights_sitenote_note":"","_monsterinsights_sitenote_category":0,"footnotes":""},"class_list":["post-2538","page","type-page","status-publish","hentry"],"aioseo_notices":[],"_links":{"self":[{"href":"https:\/\/bib-delmenhorst.de\/wordpress\/index.php?rest_route=\/wp\/v2\/pages\/2538","targetHints":{"allow":["GET"]}}],"collection":[{"href":"https:\/\/bib-delmenhorst.de\/wordpress\/index.php?rest_route=\/wp\/v2\/pages"}],"about":[{"href":"https:\/\/bib-delmenhorst.de\/wordpress\/index.php?rest_route=\/wp\/v2\/types\/page"}],"author":[{"embeddable":true,"href":"https:\/\/bib-delmenhorst.de\/wordpress\/index.php?rest_route=\/wp\/v2\/users\/1"}],"replies":[{"embeddable":true,"href":"https:\/\/bib-delmenhorst.de\/wordpress\/index.php?rest_route=%2Fwp%2Fv2%2Fcomments&post=2538"}],"version-history":[{"count":94,"href":"https:\/\/bib-delmenhorst.de\/wordpress\/index.php?rest_route=\/wp\/v2\/pages\/2538\/revisions"}],"predecessor-version":[{"id":2782,"href":"https:\/\/bib-delmenhorst.de\/wordpress\/index.php?rest_route=\/wp\/v2\/pages\/2538\/revisions\/2782"}],"wp:attachment":[{"href":"https:\/\/bib-delmenhorst.de\/wordpress\/index.php?rest_route=%2Fwp%2Fv2%2Fmedia&parent=2538"}],"curies":[{"name":"wp","href":"https:\/\/api.w.org\/{rel}","templated":true}]}}